{"id":318,"date":"2026-01-26T12:58:44","date_gmt":"2026-01-26T11:58:44","guid":{"rendered":"https:\/\/juan.depimtajamar.es\/?post_type=product&#038;p=318"},"modified":"2026-01-28T09:58:31","modified_gmt":"2026-01-28T08:58:31","slug":"revelacion-de-eva","status":"publish","type":"product","link":"https:\/\/juan.depimtajamar.es\/index.php\/producto\/revelacion-de-eva\/","title":{"rendered":"Revelaci\u00f3n de Eva"},"content":{"rendered":"<p>La expresi\u00f3n m\u00e1xima de la elegancia contempor\u00e1nea. Es un vino blanco complejo, con crianza sobre l\u00edas que aporta una textura sedosa, manteniendo la frescura vibrante que otorga el microclima del r\u00edo Mi\u00f1o.<\/p>\n","protected":false},"excerpt":{"rendered":"<p>La expresi\u00f3n m\u00e1xima de la elegancia contempor\u00e1nea. Es un vino blanco complejo, con crianza sobre l\u00edas que aporta una textura sedosa, manteniendo la frescura vibrante que otorga el microclima del r\u00edo Mi\u00f1o.<\/p>\n","protected":false},"featured_media":457,"comment_status":"open","ping_status":"closed","template":"","meta":{"_eb_attr":""},"product_brand":[],"product_cat":[],"product_tag":[],"class_list":{"0":"post-318","1":"product","2":"type-product","3":"status-publish","4":"has-post-thumbnail","7":"first","8":"instock","9":"shipping-taxable","10":"purchasable","11":"product-type-simple"},"jetpack_sharing_enabled":true,"_links":{"self":[{"href":"https:\/\/juan.depimtajamar.es\/index.php\/wp-json\/wp\/v2\/product\/318","targetHints":{"allow":["GET"]}}],"collection":[{"href":"https:\/\/juan.depimtajamar.es\/index.php\/wp-json\/wp\/v2\/product"}],"about":[{"href":"https:\/\/juan.depimtajamar.es\/index.php\/wp-json\/wp\/v2\/types\/product"}],"replies":[{"embeddable":true,"href":"https:\/\/juan.depimtajamar.es\/index.php\/wp-json\/wp\/v2\/comments?post=318"}],"wp:featuredmedia":[{"embeddable":true,"href":"https:\/\/juan.depimtajamar.es\/index.php\/wp-json\/wp\/v2\/media\/457"}],"wp:attachment":[{"href":"https:\/\/juan.depimtajamar.es\/index.php\/wp-json\/wp\/v2\/media?parent=318"}],"wp:term":[{"taxonomy":"product_brand","embeddable":true,"href":"https:\/\/juan.depimtajamar.es\/index.php\/wp-json\/wp\/v2\/product_brand?post=318"},{"taxonomy":"product_cat","embeddable":true,"href":"https:\/\/juan.depimtajamar.es\/index.php\/wp-json\/wp\/v2\/product_cat?post=318"},{"taxonomy":"product_tag","embeddable":true,"href":"https:\/\/juan.depimtajamar.es\/index.php\/wp-json\/wp\/v2\/product_tag?post=318"}],"curies":[{"name":"wp","href":"https:\/\/api.w.org\/{rel}","templated":true}]}}