{"id":315,"date":"2026-01-26T12:54:22","date_gmt":"2026-01-26T11:54:22","guid":{"rendered":"https:\/\/juan.depimtajamar.es\/?post_type=product&#038;p=315"},"modified":"2026-01-28T09:59:37","modified_gmt":"2026-01-28T08:59:37","slug":"legado-silencioso","status":"publish","type":"product","link":"https:\/\/juan.depimtajamar.es\/index.php\/producto\/legado-silencioso\/","title":{"rendered":"Legado Silencioso"},"content":{"rendered":"<p>Una edici\u00f3n limitada que combina las mejores uvas de Menc\u00eda y variedades ancestrales recuperadas. Representa el siglo de historia de los Pereira, uniendo la fuerza de la tradici\u00f3n con la finura aprendida en los <i data-path-to-node=\"1,4,0\" data-index-in-node=\"251\">ch\u00e2teaux<\/i> franceses.<\/p>\n","protected":false},"excerpt":{"rendered":"<p>Una edici\u00f3n limitada que combina las mejores uvas de Menc\u00eda y variedades ancestrales recuperadas. Representa el siglo de historia de los Pereira, uniendo la fuerza de la tradici\u00f3n con la finura aprendida en los ch\u00e2teaux franceses.<\/p>\n","protected":false},"featured_media":458,"comment_status":"open","ping_status":"closed","template":"","meta":{"_eb_attr":""},"product_brand":[],"product_cat":[],"product_tag":[],"class_list":{"0":"post-315","1":"product","2":"type-product","3":"status-publish","4":"has-post-thumbnail","7":"first","8":"instock","9":"shipping-taxable","10":"purchasable","11":"product-type-simple"},"jetpack_sharing_enabled":true,"_links":{"self":[{"href":"https:\/\/juan.depimtajamar.es\/index.php\/wp-json\/wp\/v2\/product\/315","targetHints":{"allow":["GET"]}}],"collection":[{"href":"https:\/\/juan.depimtajamar.es\/index.php\/wp-json\/wp\/v2\/product"}],"about":[{"href":"https:\/\/juan.depimtajamar.es\/index.php\/wp-json\/wp\/v2\/types\/product"}],"replies":[{"embeddable":true,"href":"https:\/\/juan.depimtajamar.es\/index.php\/wp-json\/wp\/v2\/comments?post=315"}],"wp:featuredmedia":[{"embeddable":true,"href":"https:\/\/juan.depimtajamar.es\/index.php\/wp-json\/wp\/v2\/media\/458"}],"wp:attachment":[{"href":"https:\/\/juan.depimtajamar.es\/index.php\/wp-json\/wp\/v2\/media?parent=315"}],"wp:term":[{"taxonomy":"product_brand","embeddable":true,"href":"https:\/\/juan.depimtajamar.es\/index.php\/wp-json\/wp\/v2\/product_brand?post=315"},{"taxonomy":"product_cat","embeddable":true,"href":"https:\/\/juan.depimtajamar.es\/index.php\/wp-json\/wp\/v2\/product_cat?post=315"},{"taxonomy":"product_tag","embeddable":true,"href":"https:\/\/juan.depimtajamar.es\/index.php\/wp-json\/wp\/v2\/product_tag?post=315"}],"curies":[{"name":"wp","href":"https:\/\/api.w.org\/{rel}","templated":true}]}}