{"id":308,"date":"2026-01-26T12:50:10","date_gmt":"2026-01-26T11:50:10","guid":{"rendered":"https:\/\/juan.depimtajamar.es\/?post_type=product&#038;p=308"},"modified":"2026-01-28T10:01:26","modified_gmt":"2026-01-28T09:01:26","slug":"espejo-del-mino","status":"publish","type":"product","link":"https:\/\/juan.depimtajamar.es\/index.php\/producto\/espejo-del-mino\/","title":{"rendered":"Espejo del Mi\u00f1o"},"content":{"rendered":"<p>Un vino joven y luminoso que captura el reflejo del sol sobre el r\u00edo. Destaca por su aroma a p\u00e9talos de rosa y fresas frescas, siendo equilibrado, ligero y perfecto para disfrutar en la terraza del hotel.<\/p>\n","protected":false},"excerpt":{"rendered":"<p>Un vino joven y luminoso que captura el reflejo del sol sobre el r\u00edo. Destaca por su aroma a p\u00e9talos de rosa y fresas frescas, siendo equilibrado, ligero y perfecto para disfrutar en la terraza del hotel.<\/p>\n","protected":false},"featured_media":450,"comment_status":"open","ping_status":"closed","template":"","meta":{"_eb_attr":""},"product_brand":[],"product_cat":[],"product_tag":[],"class_list":{"0":"post-308","1":"product","2":"type-product","3":"status-publish","4":"has-post-thumbnail","7":"first","8":"instock","9":"shipping-taxable","10":"purchasable","11":"product-type-simple"},"jetpack_sharing_enabled":true,"_links":{"self":[{"href":"https:\/\/juan.depimtajamar.es\/index.php\/wp-json\/wp\/v2\/product\/308","targetHints":{"allow":["GET"]}}],"collection":[{"href":"https:\/\/juan.depimtajamar.es\/index.php\/wp-json\/wp\/v2\/product"}],"about":[{"href":"https:\/\/juan.depimtajamar.es\/index.php\/wp-json\/wp\/v2\/types\/product"}],"replies":[{"embeddable":true,"href":"https:\/\/juan.depimtajamar.es\/index.php\/wp-json\/wp\/v2\/comments?post=308"}],"wp:featuredmedia":[{"embeddable":true,"href":"https:\/\/juan.depimtajamar.es\/index.php\/wp-json\/wp\/v2\/media\/450"}],"wp:attachment":[{"href":"https:\/\/juan.depimtajamar.es\/index.php\/wp-json\/wp\/v2\/media?parent=308"}],"wp:term":[{"taxonomy":"product_brand","embeddable":true,"href":"https:\/\/juan.depimtajamar.es\/index.php\/wp-json\/wp\/v2\/product_brand?post=308"},{"taxonomy":"product_cat","embeddable":true,"href":"https:\/\/juan.depimtajamar.es\/index.php\/wp-json\/wp\/v2\/product_cat?post=308"},{"taxonomy":"product_tag","embeddable":true,"href":"https:\/\/juan.depimtajamar.es\/index.php\/wp-json\/wp\/v2\/product_tag?post=308"}],"curies":[{"name":"wp","href":"https:\/\/api.w.org\/{rel}","templated":true}]}}